{"id":1967,"date":"2024-08-29T14:42:35","date_gmt":"2024-08-29T12:42:35","guid":{"rendered":"https:\/\/loan-conception-web.fr\/?page_id=1967"},"modified":"2025-09-10T16:31:04","modified_gmt":"2025-09-10T14:31:04","slug":"creation-sites-web","status":"publish","type":"page","link":"https:\/\/loan-conception-web.fr\/index.php\/creation-sites-web\/","title":{"rendered":"Cr\u00e9ation sites web"},"content":{"rendered":"\n[et_pb_section fb_built=\u00a0\u00bb1&Prime; next_background_color=\u00a0\u00bb#000000&Prime; _builder_version=\u00a0\u00bb4.17.4&Prime; _module_preset=\u00a0\u00bbdefault\u00a0\u00bb custom_padding=\u00a0\u00bb||131px|||\u00a0\u00bb bottom_divider_style=\u00a0\u00bbslant\u00a0\u00bb bottom_divider_flip=\u00a0\u00bbhorizontal\u00a0\u00bb global_colors_info=\u00a0\u00bb{}\u00a0\u00bb][et_pb_row _builder_version=\u00a0\u00bb4.17.4&Prime; _module_preset=\u00a0\u00bbdefault\u00a0\u00bb custom_padding=\u00a0\u00bb0px||5px|||\u00a0\u00bb global_colors_info=\u00a0\u00bb{}\u00a0\u00bb][et_pb_column type=\u00a0\u00bb4_4&Prime; _builder_version=\u00a0\u00bb4.17.4&Prime; _module_preset=\u00a0\u00bbdefault\u00a0\u00bb global_colors_info=\u00a0\u00bb{}\u00a0\u00bb][et_pb_text _builder_version=\u00a0\u00bb4.27.0&Prime; _module_preset=\u00a0\u00bbdefault\u00a0\u00bb text_font=\u00a0\u00bbAlatsi||||||||\u00a0\u00bb text_font_size=\u00a0\u00bb11px\u00a0\u00bb text_letter_spacing=\u00a0\u00bb1px\u00a0\u00bb header_font_size=\u00a0\u00bb28px\u00a0\u00bb custom_margin=\u00a0\u00bb||12px|||\u00a0\u00bb custom_padding=\u00a0\u00bb||0px|||\u00a0\u00bb animation_style=\u00a0\u00bbfade\u00a0\u00bb global_colors_info=\u00a0\u00bb{}\u00a0\u00bb]<h1 style=\"text-align: center;\"><span style=\"color: #eebb5d;\"><span style=\"font-size: 31px;\">Cr\u00e9ation sites web<\/span><\/span><\/h1>[\/et_pb_text][et_pb_text _builder_version=\u00a0\u00bb4.27.0&Prime; _module_preset=\u00a0\u00bbdefault\u00a0\u00bb text_font=\u00a0\u00bbAlatsi||||||||\u00a0\u00bb text_text_color=\u00a0\u00bb#000000&Prime; text_font_size=\u00a0\u00bb19px\u00a0\u00bb text_letter_spacing=\u00a0\u00bb1px\u00a0\u00bb max_width=\u00a0\u00bb100%\u00a0\u00bb custom_margin=\u00a0\u00bb0px||2px||false|false\u00a0\u00bb custom_padding=\u00a0\u00bb||15px|||\u00a0\u00bb global_colors_info=\u00a0\u00bb{}\u00a0\u00bb]<p style=\"text-align: center;\">Webmaster freelance bas\u00e9 en r\u00e9gion PACA, je me suis sp\u00e9cialis\u00e9 dans la cr\u00e9ation de sites web sur mesure pour les locations de vacances et restaurants touristiques.\u00a0<\/p>[\/et_pb_text][\/et_pb_column][\/et_pb_row][et_pb_row column_structure=\u00a0\u00bb1_2,1_2&Prime; _builder_version=\u00a0\u00bb4.27.0&Prime; _module_preset=\u00a0\u00bbdefault\u00a0\u00bb width=\u00a0\u00bb85%\u00a0\u00bb custom_padding=\u00a0\u00bb40px|||||\u00a0\u00bb global_colors_info=\u00a0\u00bb{}\u00a0\u00bb][et_pb_column type=\u00a0\u00bb1_2&Prime; _builder_version=\u00a0\u00bb4.27.0&Prime; _module_preset=\u00a0\u00bbdefault\u00a0\u00bb animation_style=\u00a0\u00bbslide\u00a0\u00bb animation_direction=\u00a0\u00bbleft\u00a0\u00bb global_colors_info=\u00a0\u00bb{}\u00a0\u00bb][et_pb_text _builder_version=\u00a0\u00bb4.27.0&Prime; _module_preset=\u00a0\u00bbdefault\u00a0\u00bb text_font=\u00a0\u00bbAlatsi||||||||\u00a0\u00bb text_text_color=\u00a0\u00bb#000000&Prime; text_font_size=\u00a0\u00bb19px\u00a0\u00bb text_letter_spacing=\u00a0\u00bb1px\u00a0\u00bb header_2_font=\u00a0\u00bbAlatsi||||||||\u00a0\u00bb header_2_text_align=\u00a0\u00bbcenter\u00a0\u00bb header_2_text_color=\u00a0\u00bb#eebb5d\u00a0\u00bb header_2_font_size=\u00a0\u00bb24px\u00a0\u00bb max_width=\u00a0\u00bb100%\u00a0\u00bb custom_margin=\u00a0\u00bb0px||2px||false|false\u00a0\u00bb global_colors_info=\u00a0\u00bb{}\u00a0\u00bb]<h2 style=\"text-align: center;\"><strong>Sites web locations de vacances<\/strong><\/h2>[\/et_pb_text][et_pb_text _builder_version=\u00a0\u00bb4.27.0&Prime; _module_preset=\u00a0\u00bbdefault\u00a0\u00bb text_font=\u00a0\u00bbAlatsi||||||||\u00a0\u00bb text_text_color=\u00a0\u00bb#000000&Prime; text_font_size=\u00a0\u00bb19px\u00a0\u00bb text_letter_spacing=\u00a0\u00bb1px\u00a0\u00bb max_width=\u00a0\u00bb100%\u00a0\u00bb custom_margin=\u00a0\u00bb0px||2px||false|false\u00a0\u00bb custom_padding=\u00a0\u00bb||19px|||\u00a0\u00bb global_colors_info=\u00a0\u00bb{}\u00a0\u00bb]<p style=\"text-align: justify;\">Cr\u00e9ation de sites web optimis\u00e9s pour les g\u00eetes, villas, domaines, chalets et autres locations saisonni\u00e8res, adapt\u00e9s \u00e0 la client\u00e8le touristique de la r\u00e9gion PACA, avec un syst\u00e8me de r\u00e9servation en ligne de l&rsquo;h\u00e9bergement sans commission, galerie photos, traduction automatique, l&rsquo;affichage des avis clients et un programme de vacances pour augmenter votre taux de r\u00e9servation.<\/p>[\/et_pb_text][et_pb_button button_url=\u00a0\u00bbhttps:\/\/loan-conception-web.fr\/index.php\/sites-web-locations-de-vacances\/\u00a0\u00bb button_text=\u00a0\u00bbR\u00e9alisations\u00a0\u00bb button_alignment=\u00a0\u00bbcenter\u00a0\u00bb disabled_on=\u00a0\u00bboff|off|off\u00a0\u00bb _builder_version=\u00a0\u00bb4.27.0&Prime; _module_preset=\u00a0\u00bbdefault\u00a0\u00bb custom_button=\u00a0\u00bbon\u00a0\u00bb button_text_size=\u00a0\u00bb20px\u00a0\u00bb button_text_color=\u00a0\u00bb#eebb5d\u00a0\u00bb button_letter_spacing=\u00a0\u00bb1px\u00a0\u00bb button_font=\u00a0\u00bbAlatsi||||||||\u00a0\u00bb global_colors_info=\u00a0\u00bb{}\u00a0\u00bb button_bg_color__hover_enabled=\u00a0\u00bbon|hover\u00a0\u00bb button_text_color__hover_enabled=\u00a0\u00bbon|hover\u00a0\u00bb button_text_color__hover=\u00a0\u00bb#eebb5d\u00a0\u00bb button_bg_color__hover=\u00a0\u00bb#FFFFFF\u00a0\u00bb button_bg_enable_color__hover=\u00a0\u00bbon\u00a0\u00bb button_border_color__hover_enabled=\u00a0\u00bbon|hover\u00a0\u00bb button_border_color__hover=\u00a0\u00bb#eebb5d\u00a0\u00bb][\/et_pb_button][\/et_pb_column][et_pb_column type=\u00a0\u00bb1_2&Prime; _builder_version=\u00a0\u00bb4.27.0&Prime; _module_preset=\u00a0\u00bbdefault\u00a0\u00bb animation_style=\u00a0\u00bbslide\u00a0\u00bb animation_direction=\u00a0\u00bbright\u00a0\u00bb global_colors_info=\u00a0\u00bb{}\u00a0\u00bb][dsm_scroll_image src=\u00a0\u00bbhttp:\/\/loan-conception-web.fr\/wp-content\/uploads\/2024\/08\/Les-Suites-Love.jpg\u00a0\u00bb title_text=\u00a0\u00bbLes Suites Love\u00a0\u00bb url=\u00a0\u00bbhttps:\/\/loan-conception-web.fr\/index.php\/sites-web-locations-de-vacances\/\u00a0\u00bb _builder_version=\u00a0\u00bb4.27.0&Prime; _module_preset=\u00a0\u00bbdefault\u00a0\u00bb custom_margin_tablet=\u00a0\u00bb|8px||0px|false|false\u00a0\u00bb custom_margin_phone=\u00a0\u00bb|0px|10px|0px|false|true\u00a0\u00bb custom_margin_last_edited=\u00a0\u00bboff|phone\u00a0\u00bb hover_enabled=\u00a0\u00bb0&Prime; border_radii=\u00a0\u00bbon|4px|4px|4px|4px\u00a0\u00bb box_shadow_style=\u00a0\u00bbpreset1&Prime; box_shadow_color=\u00a0\u00bbrgba(0,0,0,0.19)\u00a0\u00bb global_colors_info=\u00a0\u00bb{}\u00a0\u00bb box_shadow_spread__hover_enabled=\u00a0\u00bboff|hover\u00a0\u00bb box_shadow_spread__hover=\u00a0\u00bb2px\u00a0\u00bb transform_styles__hover_enabled=\u00a0\u00bbon|hover\u00a0\u00bb sticky_enabled=\u00a0\u00bb0&Prime;][\/dsm_scroll_image][\/et_pb_column][\/et_pb_row][\/et_pb_section][et_pb_section fb_built=\u00a0\u00bb1&Prime; _builder_version=\u00a0\u00bb4.17.4&Prime; _module_preset=\u00a0\u00bbdefault\u00a0\u00bb background_color=\u00a0\u00bb#000000&Prime; custom_padding=\u00a0\u00bb22px||88px|||\u00a0\u00bb global_colors_info=\u00a0\u00bb{}\u00a0\u00bb][et_pb_row column_structure=\u00a0\u00bb1_2,1_2&Prime; disabled_on=\u00a0\u00bbon|off|off\u00a0\u00bb _builder_version=\u00a0\u00bb4.27.0&Prime; _module_preset=\u00a0\u00bbdefault\u00a0\u00bb width=\u00a0\u00bb85%\u00a0\u00bb global_colors_info=\u00a0\u00bb{}\u00a0\u00bb][et_pb_column type=\u00a0\u00bb1_2&Prime; _builder_version=\u00a0\u00bb4.27.0&Prime; _module_preset=\u00a0\u00bbdefault\u00a0\u00bb animation_style=\u00a0\u00bbslide\u00a0\u00bb animation_direction=\u00a0\u00bbleft\u00a0\u00bb global_colors_info=\u00a0\u00bb{}\u00a0\u00bb][dsm_scroll_image src=\u00a0\u00bbhttp:\/\/loan-conception-web.fr\/wp-content\/uploads\/2023\/03\/Come-Papa-2.jpg\u00a0\u00bb title_text=\u00a0\u00bbCome Papa\u00a0\u00bb url=\u00a0\u00bbhttps:\/\/loan-conception-web.fr\/index.php\/sites-web-restaurants\/\u00a0\u00bb _builder_version=\u00a0\u00bb4.27.0&Prime; _module_preset=\u00a0\u00bbdefault\u00a0\u00bb hover_enabled=\u00a0\u00bb0&Prime; border_radii=\u00a0\u00bbon|4px|4px|4px|4px\u00a0\u00bb box_shadow_style=\u00a0\u00bbpreset1&Prime; box_shadow_color=\u00a0\u00bbrgba(255,255,255,0.58)\u00a0\u00bb global_colors_info=\u00a0\u00bb{}\u00a0\u00bb box_shadow_spread__hover_enabled=\u00a0\u00bbon|hover\u00a0\u00bb box_shadow_spread__hover=\u00a0\u00bb2px\u00a0\u00bb transform_styles__hover_enabled=\u00a0\u00bbon|hover\u00a0\u00bb sticky_enabled=\u00a0\u00bb0&Prime;][\/dsm_scroll_image][\/et_pb_column][et_pb_column type=\u00a0\u00bb1_2&Prime; _builder_version=\u00a0\u00bb4.27.0&Prime; _module_preset=\u00a0\u00bbdefault\u00a0\u00bb animation_style=\u00a0\u00bbslide\u00a0\u00bb animation_direction=\u00a0\u00bbright\u00a0\u00bb global_colors_info=\u00a0\u00bb{}\u00a0\u00bb][et_pb_text _builder_version=\u00a0\u00bb4.27.0&Prime; _module_preset=\u00a0\u00bbdefault\u00a0\u00bb text_font=\u00a0\u00bbAlatsi||||||||\u00a0\u00bb text_text_color=\u00a0\u00bb#000000&Prime; text_font_size=\u00a0\u00bb19px\u00a0\u00bb text_letter_spacing=\u00a0\u00bb1px\u00a0\u00bb header_2_font=\u00a0\u00bbAlatsi||||||||\u00a0\u00bb header_2_text_align=\u00a0\u00bbcenter\u00a0\u00bb header_2_text_color=\u00a0\u00bb#eebb5d\u00a0\u00bb header_2_font_size=\u00a0\u00bb24px\u00a0\u00bb max_width=\u00a0\u00bb100%\u00a0\u00bb custom_margin=\u00a0\u00bb0px||2px||false|false\u00a0\u00bb global_colors_info=\u00a0\u00bb{}\u00a0\u00bb]<h2 style=\"text-align: center;\"><strong>Sites web restaurants &amp; bars<\/strong><\/h2>[\/et_pb_text][et_pb_text _builder_version=\u00a0\u00bb4.27.0&Prime; _module_preset=\u00a0\u00bbdefault\u00a0\u00bb text_font=\u00a0\u00bbAlatsi||||||||\u00a0\u00bb text_text_color=\u00a0\u00bb#FFFFFF\u00a0\u00bb text_font_size=\u00a0\u00bb19px\u00a0\u00bb text_letter_spacing=\u00a0\u00bb1px\u00a0\u00bb max_width=\u00a0\u00bb100%\u00a0\u00bb custom_margin=\u00a0\u00bb0px||2px||false|false\u00a0\u00bb custom_padding=\u00a0\u00bb||19px|||\u00a0\u00bb global_colors_info=\u00a0\u00bb{}\u00a0\u00bb]<p style=\"text-align: justify;\">Cr\u00e9ation de sites web modernes et attractifs pour les restaurants et bars, adapt\u00e9s \u00e0 la client\u00e8le touristique de la r\u00e9gion PACA, avec un syst\u00e8me de r\u00e9servation de tables sans commission, carte interactive, galerie photos, traduction automatique, l&rsquo;affichage des avis clients, tout en mettant en avant l&rsquo;ambiance de votre \u00e9tablissement pour attirer un maximum de clients.<\/p>[\/et_pb_text][et_pb_button button_url=\u00a0\u00bbhttps:\/\/loan-conception-web.fr\/index.php\/sites-web-restaurants\/\u00a0\u00bb button_text=\u00a0\u00bbR\u00e9alisations\u00a0\u00bb button_alignment=\u00a0\u00bbcenter\u00a0\u00bb disabled_on=\u00a0\u00bboff|off|off\u00a0\u00bb _builder_version=\u00a0\u00bb4.27.0&Prime; _module_preset=\u00a0\u00bbdefault\u00a0\u00bb custom_button=\u00a0\u00bbon\u00a0\u00bb button_text_size=\u00a0\u00bb20px\u00a0\u00bb button_text_color=\u00a0\u00bb#eebb5d\u00a0\u00bb button_letter_spacing=\u00a0\u00bb1px\u00a0\u00bb button_font=\u00a0\u00bbAlatsi||||||||\u00a0\u00bb global_colors_info=\u00a0\u00bb{}\u00a0\u00bb button_bg_color__hover_enabled=\u00a0\u00bbon|hover\u00a0\u00bb button_text_color__hover_enabled=\u00a0\u00bbon|hover\u00a0\u00bb button_text_color__hover=\u00a0\u00bb#eebb5d\u00a0\u00bb button_bg_color__hover=\u00a0\u00bb#FFFFFF\u00a0\u00bb button_bg_enable_color__hover=\u00a0\u00bbon\u00a0\u00bb button_border_color__hover_enabled=\u00a0\u00bbon|hover\u00a0\u00bb button_border_color__hover=\u00a0\u00bb#eebb5d\u00a0\u00bb][\/et_pb_button][\/et_pb_column][\/et_pb_row][et_pb_row column_structure=\u00a0\u00bb1_2,1_2&Prime; disabled_on=\u00a0\u00bboff|on|on\u00a0\u00bb _builder_version=\u00a0\u00bb4.27.0&Prime; _module_preset=\u00a0\u00bbdefault\u00a0\u00bb width=\u00a0\u00bb85%\u00a0\u00bb global_colors_info=\u00a0\u00bb{}\u00a0\u00bb][et_pb_column type=\u00a0\u00bb1_2&Prime; _builder_version=\u00a0\u00bb4.27.0&Prime; _module_preset=\u00a0\u00bbdefault\u00a0\u00bb animation_style=\u00a0\u00bbslide\u00a0\u00bb animation_direction=\u00a0\u00bbleft\u00a0\u00bb global_colors_info=\u00a0\u00bb{}\u00a0\u00bb][et_pb_text _builder_version=\u00a0\u00bb4.27.0&Prime; _module_preset=\u00a0\u00bbdefault\u00a0\u00bb text_font=\u00a0\u00bbAlatsi||||||||\u00a0\u00bb text_text_color=\u00a0\u00bb#000000&Prime; text_font_size=\u00a0\u00bb19px\u00a0\u00bb text_letter_spacing=\u00a0\u00bb1px\u00a0\u00bb header_2_font=\u00a0\u00bbAlatsi||||||||\u00a0\u00bb header_2_text_align=\u00a0\u00bbcenter\u00a0\u00bb header_2_text_color=\u00a0\u00bb#eebb5d\u00a0\u00bb header_2_font_size=\u00a0\u00bb24px\u00a0\u00bb max_width=\u00a0\u00bb100%\u00a0\u00bb custom_margin=\u00a0\u00bb0px||2px||false|false\u00a0\u00bb global_colors_info=\u00a0\u00bb{}\u00a0\u00bb]<h2 style=\"text-align: center;\"><strong>Sites web restaurants &amp; bars<\/strong><\/h2>[\/et_pb_text][et_pb_text _builder_version=\u00a0\u00bb4.27.0&Prime; _module_preset=\u00a0\u00bbdefault\u00a0\u00bb text_font=\u00a0\u00bbAlatsi||||||||\u00a0\u00bb text_text_color=\u00a0\u00bb#FFFFFF\u00a0\u00bb text_font_size=\u00a0\u00bb19px\u00a0\u00bb text_letter_spacing=\u00a0\u00bb1px\u00a0\u00bb max_width=\u00a0\u00bb100%\u00a0\u00bb custom_margin=\u00a0\u00bb0px||2px||false|false\u00a0\u00bb custom_padding=\u00a0\u00bb||19px|||\u00a0\u00bb global_colors_info=\u00a0\u00bb{}\u00a0\u00bb]<p style=\"text-align: justify;\">Cr\u00e9ation de sites web modernes et attractifs pour les restaurants et bars, adapt\u00e9s \u00e0 la client\u00e8le touristique de la r\u00e9gion PACA, avec un syst\u00e8me de r\u00e9servation de tables sans commission, carte interactive, galerie photo, traduction automatique, l&rsquo;affichage des avis clients, tout en mettant en avant l&rsquo;ambiance de votre \u00e9tablissement pour attirer un maximum de clients.<\/p>[\/et_pb_text][et_pb_button button_url=\u00a0\u00bbhttps:\/\/loan-conception-web.fr\/index.php\/sites-web-restaurants\/\u00a0\u00bb button_text=\u00a0\u00bbR\u00e9alisations\u00a0\u00bb button_alignment=\u00a0\u00bbcenter\u00a0\u00bb disabled_on=\u00a0\u00bboff|off|off\u00a0\u00bb _builder_version=\u00a0\u00bb4.27.0&Prime; _module_preset=\u00a0\u00bbdefault\u00a0\u00bb custom_button=\u00a0\u00bbon\u00a0\u00bb button_text_size=\u00a0\u00bb20px\u00a0\u00bb button_text_color=\u00a0\u00bb#eebb5d\u00a0\u00bb button_letter_spacing=\u00a0\u00bb1px\u00a0\u00bb button_font=\u00a0\u00bbAlatsi||||||||\u00a0\u00bb global_colors_info=\u00a0\u00bb{}\u00a0\u00bb button_bg_color__hover_enabled=\u00a0\u00bbon|hover\u00a0\u00bb button_text_color__hover_enabled=\u00a0\u00bbon|hover\u00a0\u00bb button_text_color__hover=\u00a0\u00bb#eebb5d\u00a0\u00bb button_bg_color__hover=\u00a0\u00bb#FFFFFF\u00a0\u00bb button_bg_enable_color__hover=\u00a0\u00bbon\u00a0\u00bb button_border_color__hover_enabled=\u00a0\u00bbon|hover\u00a0\u00bb button_border_color__hover=\u00a0\u00bb#eebb5d\u00a0\u00bb][\/et_pb_button][\/et_pb_column][et_pb_column type=\u00a0\u00bb1_2&Prime; _builder_version=\u00a0\u00bb4.27.0&Prime; _module_preset=\u00a0\u00bbdefault\u00a0\u00bb animation_style=\u00a0\u00bbslide\u00a0\u00bb animation_direction=\u00a0\u00bbright\u00a0\u00bb global_colors_info=\u00a0\u00bb{}\u00a0\u00bb][dsm_scroll_image src=\u00a0\u00bbhttp:\/\/loan-conception-web.fr\/wp-content\/uploads\/2023\/03\/Come-Papa-2.jpg\u00a0\u00bb title_text=\u00a0\u00bbCome Papa\u00a0\u00bb url=\u00a0\u00bbhttps:\/\/loan-conception-web.fr\/index.php\/sites-web-restaurants\/\u00a0\u00bb _builder_version=\u00a0\u00bb4.27.0&Prime; _module_preset=\u00a0\u00bbdefault\u00a0\u00bb hover_enabled=\u00a0\u00bb0&Prime; border_radii=\u00a0\u00bbon|4px|4px|4px|4px\u00a0\u00bb box_shadow_style=\u00a0\u00bbpreset1&Prime; box_shadow_color=\u00a0\u00bbrgba(255,255,255,0.58)\u00a0\u00bb global_colors_info=\u00a0\u00bb{}\u00a0\u00bb box_shadow_spread__hover_enabled=\u00a0\u00bbon|hover\u00a0\u00bb box_shadow_spread__hover=\u00a0\u00bb2px\u00a0\u00bb transform_styles__hover_enabled=\u00a0\u00bbon|hover\u00a0\u00bb sticky_enabled=\u00a0\u00bb0&Prime;][\/dsm_scroll_image][\/et_pb_column][\/et_pb_row][\/et_pb_section]\n","protected":false},"excerpt":{"rendered":"<p>Cr\u00e9ation sites webWebmaster freelance bas\u00e9 en r\u00e9gion PACA, je me suis sp\u00e9cialis\u00e9 dans la cr\u00e9ation de sites web sur mesure pour les locations de vacances et restaurants touristiques.\u00a0Sites web locations de vacancesCr\u00e9ation de sites web optimis\u00e9s pour les g\u00eetes, villas, domaines, chalets et autres locations saisonni\u00e8res, adapt\u00e9s \u00e0 la client\u00e8le touristique de la r\u00e9gion PACA, avec un syst\u00e8me de r\u00e9servation en ligne de l&rsquo;h\u00e9bergement sans commission, galerie photos, traduction automatique, l&rsquo;affichage des avis clients et un programme de vacances pour augmenter votre taux de r\u00e9servation.<div class=\"et_pb_module dsm_scroll_image dsm_scroll_image_0\">\n\t\t\t\t\n\t\t\t\t\n\t\t\t\t\n\t\t\t\t\n\t\t\t\t\n\t\t\t\t\n\t\t\t\t<div class=\"et_pb_module_inner\">\n\t\t\t\t\t<div class=\"dsm-scroll-image-wrapper dsm-scroll-direction-vertical\">\n\t\t\t\t\n\t\t\t\t\n\t\t\t\t<a href=\"https:\/\/loan-conception-web.fr\/index.php\/sites-web-locations-de-vacances\/\" class=\"\" data-dsm-lightbox-id=\"dsm_scroll_image_0\"><span class=\"et_pb_image_wrap has-box-shadow-overlay\"><div class=\"box-shadow-overlay\"><\/div><img decoding=\"async\" src=\"http:\/\/loan-conception-web.fr\/wp-content\/uploads\/2024\/08\/Les-Suites-Love.jpg\" alt=\"\" title=\"Les Suites Love\" \/><\/span><\/a>\n\t\t\t<\/div>\n\t\t\t\t<\/div>\n\t\t\t<\/div><div class=\"et_pb_module dsm_scroll_image dsm_scroll_image_1\">\n\t\t\t\t\n\t\t\t\t\n\t\t\t\t\n\t\t\t\t\n\t\t\t\t\n\t\t\t\t\n\t\t\t\t<div class=\"et_pb_module_inner\">\n\t\t\t\t\t<div class=\"dsm-scroll-image-wrapper dsm-scroll-direction-vertical\">\n\t\t\t\t\n\t\t\t\t\n\t\t\t\t<a href=\"https:\/\/loan-conception-web.fr\/index.php\/sites-web-restaurants\/\" class=\"\" data-dsm-lightbox-id=\"dsm_scroll_image_1\"><span class=\"et_pb_image_wrap has-box-shadow-overlay\"><div class=\"box-shadow-overlay\"><\/div><img decoding=\"async\" src=\"http:\/\/loan-conception-web.fr\/wp-content\/uploads\/2023\/03\/Come-Papa-2.jpg\" alt=\"\" title=\"Come Papa\" \/><\/span><\/a>\n\t\t\t<\/div>\n\t\t\t\t<\/div>\n\t\t\t<\/div>Sites web restaurants &amp; barsCr\u00e9ation de sites web modernes et attractifs pour les restaurants et bars, adapt\u00e9s \u00e0 la client\u00e8le touristique de la r\u00e9gion PACA, avec un syst\u00e8me de r\u00e9servation de tables sans commission, carte interactive, galerie photos, traduction automatique, l&rsquo;affichage des avis clients, tout en mettant en avant l&rsquo;ambiance de votre \u00e9tablissement pour attirer un maximum de clients.Sites web restaurants &amp; barsCr\u00e9ation de sites web modernes et attractifs pour les restaurants et bars, adapt\u00e9s \u00e0 la client\u00e8le touristique de la r\u00e9gion [&hellip;]<\/p>\n","protected":false},"author":1,"featured_media":0,"parent":0,"menu_order":0,"comment_status":"closed","ping_status":"closed","template":"","meta":{"_et_pb_use_builder":"on","_et_pb_old_content":"","_et_gb_content_width":"","_monsterinsights_skip_tracking":false,"_monsterinsights_sitenote_active":false,"_monsterinsights_sitenote_note":"","_monsterinsights_sitenote_category":0,"footnotes":""},"class_list":["post-1967","page","type-page","status-publish","hentry"],"yoast_head":"<!-- This site is optimized with the Yoast SEO plugin v27.4 - https:\/\/yoast.com\/product\/yoast-seo-wordpress\/ -->\n<title>Cr\u00e9ation sites web - Loan Conception Web<\/title>\n<meta name=\"description\" content=\"Sp\u00e9cialis\u00e9 dans la cr\u00e9ation de sites web sur mesure pour les locations de vacances et restaurants touristiques dans la r\u00e9gion PACA.\" \/>\n<meta name=\"robots\" content=\"noindex, follow\" \/>\n<meta property=\"og:locale\" content=\"fr_FR\" \/>\n<meta property=\"og:type\" content=\"article\" \/>\n<meta property=\"og:title\" content=\"Cr\u00e9ation sites web - Loan Conception Web\" \/>\n<meta property=\"og:description\" content=\"Sp\u00e9cialis\u00e9 dans la cr\u00e9ation de sites web sur mesure pour les locations de vacances et restaurants touristiques dans la r\u00e9gion PACA.\" \/>\n<meta property=\"og:url\" content=\"https:\/\/loan-conception-web.fr\/index.php\/creation-sites-web\/\" \/>\n<meta property=\"og:site_name\" content=\"Loan Conception Web\" \/>\n<meta property=\"article:modified_time\" content=\"2025-09-10T14:31:04+00:00\" \/>\n<meta name=\"twitter:card\" content=\"summary_large_image\" \/>\n<meta name=\"twitter:label1\" content=\"Dur\u00e9e de lecture estim\u00e9e\" \/>\n\t<meta name=\"twitter:data1\" content=\"2 minutes\" \/>\n<script type=\"application\/ld+json\" class=\"yoast-schema-graph\">{\"@context\":\"https:\\\/\\\/schema.org\",\"@graph\":[{\"@type\":\"WebPage\",\"@id\":\"https:\\\/\\\/loan-conception-web.fr\\\/index.php\\\/creation-sites-web\\\/\",\"url\":\"https:\\\/\\\/loan-conception-web.fr\\\/index.php\\\/creation-sites-web\\\/\",\"name\":\"Cr\u00e9ation sites web - Loan Conception Web\",\"isPartOf\":{\"@id\":\"https:\\\/\\\/loan-conception-web.fr\\\/#website\"},\"datePublished\":\"2024-08-29T12:42:35+00:00\",\"dateModified\":\"2025-09-10T14:31:04+00:00\",\"description\":\"Sp\u00e9cialis\u00e9 dans la cr\u00e9ation de sites web sur mesure pour les locations de vacances et restaurants touristiques dans la r\u00e9gion PACA.\",\"breadcrumb\":{\"@id\":\"https:\\\/\\\/loan-conception-web.fr\\\/index.php\\\/creation-sites-web\\\/#breadcrumb\"},\"inLanguage\":\"fr-FR\",\"potentialAction\":[{\"@type\":\"ReadAction\",\"target\":[\"https:\\\/\\\/loan-conception-web.fr\\\/index.php\\\/creation-sites-web\\\/\"]}]},{\"@type\":\"BreadcrumbList\",\"@id\":\"https:\\\/\\\/loan-conception-web.fr\\\/index.php\\\/creation-sites-web\\\/#breadcrumb\",\"itemListElement\":[{\"@type\":\"ListItem\",\"position\":1,\"name\":\"Accueil\",\"item\":\"https:\\\/\\\/loan-conception-web.fr\\\/\"},{\"@type\":\"ListItem\",\"position\":2,\"name\":\"Cr\u00e9ation sites web\"}]},{\"@type\":\"WebSite\",\"@id\":\"https:\\\/\\\/loan-conception-web.fr\\\/#website\",\"url\":\"https:\\\/\\\/loan-conception-web.fr\\\/\",\"name\":\"Loan Conception Web\",\"description\":\"Cr\u00e9ation de sites internet pour les locations de vacances en r\u00e9gion PACA\",\"potentialAction\":[{\"@type\":\"SearchAction\",\"target\":{\"@type\":\"EntryPoint\",\"urlTemplate\":\"https:\\\/\\\/loan-conception-web.fr\\\/?s={search_term_string}\"},\"query-input\":{\"@type\":\"PropertyValueSpecification\",\"valueRequired\":true,\"valueName\":\"search_term_string\"}}],\"inLanguage\":\"fr-FR\"}]}<\/script>\n<!-- \/ Yoast SEO plugin. -->","yoast_head_json":{"title":"Cr\u00e9ation sites web - Loan Conception Web","description":"Sp\u00e9cialis\u00e9 dans la cr\u00e9ation de sites web sur mesure pour les locations de vacances et restaurants touristiques dans la r\u00e9gion PACA.","robots":{"index":"noindex","follow":"follow"},"og_locale":"fr_FR","og_type":"article","og_title":"Cr\u00e9ation sites web - Loan Conception Web","og_description":"Sp\u00e9cialis\u00e9 dans la cr\u00e9ation de sites web sur mesure pour les locations de vacances et restaurants touristiques dans la r\u00e9gion PACA.","og_url":"https:\/\/loan-conception-web.fr\/index.php\/creation-sites-web\/","og_site_name":"Loan Conception Web","article_modified_time":"2025-09-10T14:31:04+00:00","twitter_card":"summary_large_image","twitter_misc":{"Dur\u00e9e de lecture estim\u00e9e":"2 minutes"},"schema":{"@context":"https:\/\/schema.org","@graph":[{"@type":"WebPage","@id":"https:\/\/loan-conception-web.fr\/index.php\/creation-sites-web\/","url":"https:\/\/loan-conception-web.fr\/index.php\/creation-sites-web\/","name":"Cr\u00e9ation sites web - Loan Conception Web","isPartOf":{"@id":"https:\/\/loan-conception-web.fr\/#website"},"datePublished":"2024-08-29T12:42:35+00:00","dateModified":"2025-09-10T14:31:04+00:00","description":"Sp\u00e9cialis\u00e9 dans la cr\u00e9ation de sites web sur mesure pour les locations de vacances et restaurants touristiques dans la r\u00e9gion PACA.","breadcrumb":{"@id":"https:\/\/loan-conception-web.fr\/index.php\/creation-sites-web\/#breadcrumb"},"inLanguage":"fr-FR","potentialAction":[{"@type":"ReadAction","target":["https:\/\/loan-conception-web.fr\/index.php\/creation-sites-web\/"]}]},{"@type":"BreadcrumbList","@id":"https:\/\/loan-conception-web.fr\/index.php\/creation-sites-web\/#breadcrumb","itemListElement":[{"@type":"ListItem","position":1,"name":"Accueil","item":"https:\/\/loan-conception-web.fr\/"},{"@type":"ListItem","position":2,"name":"Cr\u00e9ation sites web"}]},{"@type":"WebSite","@id":"https:\/\/loan-conception-web.fr\/#website","url":"https:\/\/loan-conception-web.fr\/","name":"Loan Conception Web","description":"Cr\u00e9ation de sites internet pour les locations de vacances en r\u00e9gion PACA","potentialAction":[{"@type":"SearchAction","target":{"@type":"EntryPoint","urlTemplate":"https:\/\/loan-conception-web.fr\/?s={search_term_string}"},"query-input":{"@type":"PropertyValueSpecification","valueRequired":true,"valueName":"search_term_string"}}],"inLanguage":"fr-FR"}]}},"_links":{"self":[{"href":"https:\/\/loan-conception-web.fr\/index.php\/wp-json\/wp\/v2\/pages\/1967","targetHints":{"allow":["GET"]}}],"collection":[{"href":"https:\/\/loan-conception-web.fr\/index.php\/wp-json\/wp\/v2\/pages"}],"about":[{"href":"https:\/\/loan-conception-web.fr\/index.php\/wp-json\/wp\/v2\/types\/page"}],"author":[{"embeddable":true,"href":"https:\/\/loan-conception-web.fr\/index.php\/wp-json\/wp\/v2\/users\/1"}],"replies":[{"embeddable":true,"href":"https:\/\/loan-conception-web.fr\/index.php\/wp-json\/wp\/v2\/comments?post=1967"}],"version-history":[{"count":58,"href":"https:\/\/loan-conception-web.fr\/index.php\/wp-json\/wp\/v2\/pages\/1967\/revisions"}],"predecessor-version":[{"id":3190,"href":"https:\/\/loan-conception-web.fr\/index.php\/wp-json\/wp\/v2\/pages\/1967\/revisions\/3190"}],"wp:attachment":[{"href":"https:\/\/loan-conception-web.fr\/index.php\/wp-json\/wp\/v2\/media?parent=1967"}],"curies":[{"name":"wp","href":"https:\/\/api.w.org\/{rel}","templated":true}]}}